{"id":128,"date":"2017-03-02T13:02:11","date_gmt":"2017-03-02T13:02:11","guid":{"rendered":"http:\/\/blog.goteo.coop\/?page_id=128"},"modified":"2018-12-17T16:14:31","modified_gmt":"2018-12-17T16:14:31","slug":"bicicleta-y-educacion-ambiental","status":"publish","type":"page","link":"https:\/\/blog.goteo.coop\/?page_id=128","title":{"rendered":"BICICLETA Y ECONOM\u00cdA SOCIAL"},"content":{"rendered":"<p>Goteo desde su fundaci\u00f3n ha puesto en marcha dos espacios que adem\u00e1s de promover la bicicleta como medio de transporte y favorecer la movilidad sostenible, han querido desarrollar la econom\u00eda local desde un modelo cooperativo, favoreciendo el acceso al peque\u00f1o comercio y al consumo consciente.<\/p>\n<h2>BIKE COOP \/ FIXI DIXI<\/h2>\n<p>Tienda y taller de bicicletas en la Calle Embajadores, 29. 28012 Madrid. En este direcci\u00f3n se encuentra Bike Coops un espacio compartido con empresas de econom\u00eda social para la promoci\u00f3n de la bicicleta.<\/p>\n<p>En Fixidixi apostamos por la reparaci\u00f3n, la reutilizaci\u00f3n y reciclaje de piezas por delante del consumismo, vendemos productos accesibles y de calidad, priorizando un comercio ecol\u00f3gico y de cercan\u00eda. En este espacio trabajamos principalmente con bicicletas urbanas y de viaje, pero puedes encontrar diversos productos relacionados con la bici, artesanos, nuevos y de segunda mano. Tenemos zona de auto-reparaci\u00f3n d\u00f3nde prestamos herramientas, y realizamos distintas actividades.<\/p>\n<p>Si quieres saber m\u00e1s sobre fixidixi esta su web <a href=\"http:\/\/www.fixidixi.com\">www.fixidixi.com<\/a>.<\/p>\n<p>&nbsp;<\/p>\n<p><iframe loading=\"lazy\" src=\"https:\/\/player.vimeo.com\/video\/94008463\" width=\"640\" height=\"360\" frameborder=\"0\" allowfullscreen=\"allowfullscreen\"><\/iframe><\/p>\n<p>&nbsp;<\/p>\n<h2>CIBIUAM<\/h2>\n<p>El Centro Integral de la Bicicleta y la Movilidad Sostenible de la UAM, es un proyecto para la promoci\u00f3n de la bicicleta y la movilidad sostenible en el \u00e1mbito de la Universidad. Se trata de un centro que ofrece diversos servicios para facilitar el uso de la bicicleta en la universidad (pr\u00e9stamo, taller, albergue de bicicletas, servicio de reparto de correo en ciclista), adem\u00e1s ofrece distintas actividades para dinamizar una cultura para la sostenibilidad en la comunidad universitaria, otro de lo servicios realizados es el reparto del correo a las facultades en bicicletas y triciclos de carga. El equipo de Goteo S.Coop. Mad. formamos parte del dise\u00f1o y puesta en marcha del centro junto con la Universidad Aut\u00f3noma de Madrid y gestionamos el proyecto durante cuatro a\u00f1os, tras este periodo cedimos la gesti\u00f3n del centro a otra asociaci\u00f3n ciclista. Conoce m\u00e1s sobre <a href=\"https:\/\/www.uam.es\/servicios\/ecocampus\/especifica\/gest_mov_bici.htm\">el cibiuam.<\/a><br \/>\n<iframe loading=\"lazy\" src=\"https:\/\/www.youtube.com\/embed\/zEhOhSiZHIs\" width=\"480\" height=\"270\" frameborder=\"0\" allowfullscreen=\"allowfullscreen\"><\/iframe><\/p>\n<p>&nbsp;<\/p>\n<p>Goteo como empresa Gestora del CibiUAM gan\u00f3 en el a\u00f1o 2011 <a href=\"http:\/\/www.mapama.gob.es\/es\/calidad-y-evaluacion-ambiental\/temas\/medio-ambiente-urbano\/movilidad\/Premios_SEMS.aspx\">el premio que otorga el Ministerio de Medio Ambiente durante la Semana Europea de la Movilidad<\/a> en la categor\u00eda de \u00abBuenas pr\u00e1cticas en movilidad sostenible para instituciones y empresas.\u00bb<\/p>\n<p>&nbsp;<\/p>\n","protected":false},"excerpt":{"rendered":"<p>Goteo desde su fundaci\u00f3n ha puesto en marcha dos espacios que adem\u00e1s de promover la bicicleta como medio de transporte y favorecer la movilidad sostenible, han querido desarrollar la econom\u00eda <a class=\"more-link\" href=\"https:\/\/blog.goteo.coop\/?page_id=128\">Contin\u00faa leyendo \u2192<\/a><\/p>\n","protected":false},"author":1,"featured_media":0,"parent":84,"menu_order":0,"comment_status":"closed","ping_status":"closed","template":"","meta":{"footnotes":""},"class_list":["post-128","page","type-page","status-publish","hentry"],"_links":{"self":[{"href":"https:\/\/blog.goteo.coop\/index.php?rest_route=\/wp\/v2\/pages\/128","targetHints":{"allow":["GET"]}}],"collection":[{"href":"https:\/\/blog.goteo.coop\/index.php?rest_route=\/wp\/v2\/pages"}],"about":[{"href":"https:\/\/blog.goteo.coop\/index.php?rest_route=\/wp\/v2\/types\/page"}],"author":[{"embeddable":true,"href":"https:\/\/blog.goteo.coop\/index.php?rest_route=\/wp\/v2\/users\/1"}],"replies":[{"embeddable":true,"href":"https:\/\/blog.goteo.coop\/index.php?rest_route=%2Fwp%2Fv2%2Fcomments&post=128"}],"version-history":[{"count":6,"href":"https:\/\/blog.goteo.coop\/index.php?rest_route=\/wp\/v2\/pages\/128\/revisions"}],"predecessor-version":[{"id":188,"href":"https:\/\/blog.goteo.coop\/index.php?rest_route=\/wp\/v2\/pages\/128\/revisions\/188"}],"up":[{"embeddable":true,"href":"https:\/\/blog.goteo.coop\/index.php?rest_route=\/wp\/v2\/pages\/84"}],"wp:attachment":[{"href":"https:\/\/blog.goteo.coop\/index.php?rest_route=%2Fwp%2Fv2%2Fmedia&parent=128"}],"curies":[{"name":"wp","href":"https:\/\/api.w.org\/{rel}","templated":true}]}}