{"id":134,"date":"2017-03-02T13:15:58","date_gmt":"2017-03-02T13:15:58","guid":{"rendered":"http:\/\/blog.goteo.coop\/?page_id=134"},"modified":"2017-03-02T14:24:28","modified_gmt":"2017-03-02T14:24:28","slug":"contacto","status":"publish","type":"page","link":"https:\/\/blog.goteo.coop\/?page_id=134","title":{"rendered":"CONTACTO"},"content":{"rendered":"<p>Si quieres saber m\u00e1s sobre lo que hacemos o podemos hacer, piensas que podemos colaborar en la realizaci\u00f3n de alg\u00fan proyecto, o simplemente te gustar\u00eda que nos conoci\u00e9ramos puedes contactarnos en <a href=\"mailto:info@goteo.coop\">info@goteo.coop<\/a>.<\/p>\n<p>Para conocer nuestro trabajo en las \u00e1reas de movilidad sostenible y territorio y en Mozambique contacta con <a href=\"mailto:joaquin@goteo.coop\">joaquin@goteo.coop<\/a><\/p>\n<p>Para conocer m\u00e1s sobre nuestro trabajo con las \u00e1reas de bicicleta y educaci\u00f3n ambiental, sostenibilidad, emprendimiento social y desarrollo comunitario contacta con <a href=\"mailto:martao@goteo.coop\">martao@goteo.coop<\/a><\/p>\n<p>Para conocer m\u00e1s sobre nuestra tienda-taller de bicis y el local de bike-coops en Embajadores, 29 contacta con <a href=\"mailto:fisidici@goteo.coop\">fisidici@goteo.coop <\/a><\/p>\n","protected":false},"excerpt":{"rendered":"<p>Si quieres saber m\u00e1s sobre lo que hacemos o podemos hacer, piensas que podemos colaborar en la realizaci\u00f3n de alg\u00fan proyecto, o simplemente te gustar\u00eda que nos conoci\u00e9ramos puedes contactarnos <a class=\"more-link\" href=\"https:\/\/blog.goteo.coop\/?page_id=134\">Contin\u00faa leyendo \u2192<\/a><\/p>\n","protected":false},"author":1,"featured_media":0,"parent":0,"menu_order":6,"comment_status":"closed","ping_status":"closed","template":"","meta":{"footnotes":""},"class_list":["post-134","page","type-page","status-publish","hentry"],"_links":{"self":[{"href":"https:\/\/blog.goteo.coop\/index.php?rest_route=\/wp\/v2\/pages\/134","targetHints":{"allow":["GET"]}}],"collection":[{"href":"https:\/\/blog.goteo.coop\/index.php?rest_route=\/wp\/v2\/pages"}],"about":[{"href":"https:\/\/blog.goteo.coop\/index.php?rest_route=\/wp\/v2\/types\/page"}],"author":[{"embeddable":true,"href":"https:\/\/blog.goteo.coop\/index.php?rest_route=\/wp\/v2\/users\/1"}],"replies":[{"embeddable":true,"href":"https:\/\/blog.goteo.coop\/index.php?rest_route=%2Fwp%2Fv2%2Fcomments&post=134"}],"version-history":[{"count":3,"href":"https:\/\/blog.goteo.coop\/index.php?rest_route=\/wp\/v2\/pages\/134\/revisions"}],"predecessor-version":[{"id":137,"href":"https:\/\/blog.goteo.coop\/index.php?rest_route=\/wp\/v2\/pages\/134\/revisions\/137"}],"wp:attachment":[{"href":"https:\/\/blog.goteo.coop\/index.php?rest_route=%2Fwp%2Fv2%2Fmedia&parent=134"}],"curies":[{"name":"wp","href":"https:\/\/api.w.org\/{rel}","templated":true}]}}