{"id":2,"date":"2012-05-16T17:06:10","date_gmt":"2012-05-16T17:06:10","guid":{"rendered":"http:\/\/blog.goteo.coop\/?page_id=2"},"modified":"2018-10-17T11:11:18","modified_gmt":"2018-10-17T11:11:18","slug":"pagina-ejemplo","status":"publish","type":"page","link":"https:\/\/blog.goteo.coop\/?page_id=2","title":{"rendered":"SOBRE GOTEO"},"content":{"rendered":"<p>Somos un equipo multidisciplinar y estamos convencidos en la necesidad de promover un cambio de paradigma donde el medio ambiente, la justicia social, y la econom\u00eda solidaria asienten las bases de un desarrollo sostenible. Pensamos que la bicicleta, junto con otras acciones, representa ese cambio en el concepto de desarrollo y supone una herramienta importante para la transformaci\u00f3n social. Sumamos al trabajo en las \u00e1reas de bicicleta, sostenibilidad, medio ambiente y territorio;\u00a0 el trabajo en el desarrollo comunitario, la cooperaci\u00f3n internacional. Y el apoyo al emprendimiento social y la econom\u00eda social y solidaria. Realizamos consultor\u00edas y propuestas formativas, y dise\u00f1amos y ejecutamos proyectos educativos y de intervenci\u00f3n socio-ambiental.<\/p>\n<p>Creemos en la importancia de generar sinergias con otras entidades que promuevan la transformaci\u00f3n social, de participar en redes de apoyo mutuo y cooperaci\u00f3n, y en la construcci\u00f3n de una alternativa econ\u00f3mica, ecol\u00f3gica y solidaria. Participamos en diversas redes colaborativas y de trabajo como: Madrid ProBici, el Mercado de la Econom\u00eda Solidaria de Madrid, Som energia, Coop 57, REAS, Red de talleres de barrio, GSA Madrid, YouthAction Net.<\/p>\n<p>Nuestro proyecto cooperativo fue uno de los 10 ganadores de los <a href=\"https:\/\/youtu.be\/th6kJSte-Wc\">Premios J\u00f3venes Emprendedores Sociales de la Universidad Europea de Madrid en el 2013.<\/a><\/p>\n<p>Fundamos Goteo S.Coop. Mad. en el a\u00f1o 2008 con el objetivo de emprender un proyecto de auto-empleo donde poder desarrollar un trabajo alineado con nuestros valores y que generara una incidencia positiva en la sociedad y el medio ambiente.<\/p>\n<p>Surgimos en el seno del voluntariado ambiental de la Oficina Ecocampus de la Universidad Aut\u00f3noma de Madrid, y gracias a su apoyo pusimos en marcha conjuntamente, en 2009, el Centro Integral de la Bicicleta y la Movilidad Sostenible de la UAM (<a href=\"https:\/\/youtu.be\/zEhOhSiZHIs\">CibiUAM<\/a>); un espacio desde el cual sensibilizar a la comunidad universitaria acerca de la necesidad de adquirir h\u00e1bitos de movilidad responsables con la sociedad y el medio ambiente, a trav\u00e9s de servicios y actividades que facilitaran la integraci\u00f3n de la bicicleta como medio de transporte.<\/p>\n<p>Queriendo aumentar la sostenibilidad del proyecto y el impacto del mismo, en 2011 decidimos poner en marcha una tienda-taller de bicicletas, <strong>BIKE COOP<\/strong> <a href=\"http:\/\/www.fisidici.coop\/\">FixiDixi<\/a>, en el barrio de lavapi\u00e9s, local que compartimos con otras cooperativas de eco-mensajer\u00eda en bici. Con este espacio continuamos fortaleciendo la presencia de la bicicleta en Madrid, participamos en el desarrollo local comunitario, y ofrecemos un lugar donde fomentar un consumo cr\u00edtico, ecol\u00f3gico y local, donde la reutilizaci\u00f3n, reparaci\u00f3n y reciclaje prevalezcan frente al consumismo.<\/p>\n","protected":false},"excerpt":{"rendered":"<p>Somos un equipo multidisciplinar y estamos convencidos en la necesidad de promover un cambio de paradigma donde el medio ambiente, la justicia social, y la econom\u00eda solidaria asienten las bases <a class=\"more-link\" href=\"https:\/\/blog.goteo.coop\/?page_id=2\">Contin\u00faa leyendo \u2192<\/a><\/p>\n","protected":false},"author":1,"featured_media":0,"parent":0,"menu_order":1,"comment_status":"closed","ping_status":"closed","template":"","meta":{"footnotes":""},"class_list":["post-2","page","type-page","status-publish","hentry"],"_links":{"self":[{"href":"https:\/\/blog.goteo.coop\/index.php?rest_route=\/wp\/v2\/pages\/2","targetHints":{"allow":["GET"]}}],"collection":[{"href":"https:\/\/blog.goteo.coop\/index.php?rest_route=\/wp\/v2\/pages"}],"about":[{"href":"https:\/\/blog.goteo.coop\/index.php?rest_route=\/wp\/v2\/types\/page"}],"author":[{"embeddable":true,"href":"https:\/\/blog.goteo.coop\/index.php?rest_route=\/wp\/v2\/users\/1"}],"replies":[{"embeddable":true,"href":"https:\/\/blog.goteo.coop\/index.php?rest_route=%2Fwp%2Fv2%2Fcomments&post=2"}],"version-history":[{"count":10,"href":"https:\/\/blog.goteo.coop\/index.php?rest_route=\/wp\/v2\/pages\/2\/revisions"}],"predecessor-version":[{"id":179,"href":"https:\/\/blog.goteo.coop\/index.php?rest_route=\/wp\/v2\/pages\/2\/revisions\/179"}],"wp:attachment":[{"href":"https:\/\/blog.goteo.coop\/index.php?rest_route=%2Fwp%2Fv2%2Fmedia&parent=2"}],"curies":[{"name":"wp","href":"https:\/\/api.w.org\/{rel}","templated":true}]}}